{"id":17916,"date":"2023-01-29T11:56:55","date_gmt":"2023-01-29T09:56:55","guid":{"rendered":"https:\/\/vana.noff.ee\/?page_id=17916"},"modified":"2025-02-19T14:35:29","modified_gmt":"2025-02-19T12:35:29","slug":"naitused-2023","status":"publish","type":"page","link":"https:\/\/vana.noff.ee\/en\/naitused-2023\/","title":{"rendered":"N\u00e4itused 2023"},"content":{"rendered":"<p>[vc_row css_animation=&#8221;&#8221; row_type=&#8221;row&#8221; use_row_as_full_screen_section=&#8221;no&#8221; type=&#8221;grid&#8221; angled_section=&#8221;no&#8221; text_align=&#8221;left&#8221; background_image_as_pattern=&#8221;without_pattern&#8221; z_index=&#8221;&#8221;][vc_column][vc_empty_space][\/vc_column][\/vc_row][vc_row css_animation=&#8221;&#8221; row_type=&#8221;row&#8221; use_row_as_full_screen_section=&#8221;no&#8221; type=&#8221;grid&#8221; angled_section=&#8221;no&#8221; text_align=&#8221;left&#8221; background_image_as_pattern=&#8221;without_pattern&#8221; padding_top=&#8221;40&#8243; z_index=&#8221;&#8221;][vc_column width=&#8221;1\/2&#8243;][vc_column_text]<\/p>\n<h1>6. M\u00c4RTS P\u00c4EVAKAVA<\/h1>\n<p>[\/vc_column_text][vc_empty_space][vc_column_text]<strong>6.m\u00e4rts Raplas<\/strong><\/p>\n<p><strong>18.00<\/strong> k\u00fclaliste vastuv\u00f5tt, tervitusjoogid<br \/>\npildistamine kinosaalis fotoseina ees<\/p>\n<p><strong>18.15- 18.45<\/strong>\u00a0teise korruse trepihallis elav n\u00e4itus OSADUS<\/p>\n<p><strong>19.00<\/strong> kinosaalis etendus EMANTSIPATSIOON<\/p>\n<p><strong>19.45<\/strong> film <a href=\"https:\/\/vana.noff.ee\/film\/uuele-ringile-bump-along-the-way\/\" target=\"_blank\" rel=\"noopener\">UUELE RINGILE<\/a>, kestab 1 tund 35 min. <span style=\"color: #800080;\"><strong>PILETID V\u00c4LJA M\u00dc\u00dcDUD!<\/strong><\/span><br \/>\n<strong>21.30<\/strong> sponsorite tervitamine allkorrusel\u00a0A la Rapla ruumides.<br \/>\n<strong>22.00<\/strong> <a href=\"https:\/\/vana.noff.ee\/noffikas-2020\/\" target=\"_blank\" rel=\"noopener\">N\u00d6FFIKAS<\/a> DJ T\u00f5nu K\u00f5rvits<br \/>\n<strong>02.00<\/strong> l\u00f5pp orienteeruvalt[\/vc_column_text][vc_empty_space][vc_empty_space][\/vc_column][vc_column width=&#8221;1\/2&#8243;][vc_column_text]<\/p>\n<h1>7. M\u00c4RTS P\u00c4EVAKAVA<\/h1>\n<p>[\/vc_column_text][vc_empty_space][vc_column_text]<strong>7.m\u00e4rts Raplas<\/strong><\/p>\n<p><strong>11.30<\/strong> Karmel J\u00f5esoo kaisukarude kollektsiooni esitlemine Weinbergi saalis<br \/>\n<strong>12.00<\/strong> film sissejuhatusega <a href=\"https:\/\/vana.noff.ee\/film\/udusse-mattunud-despite-the-fog\/\" target=\"_blank\" rel=\"noopener\">UDUSSE MATTUNUD<\/a> kestab 1 tund 33 min<\/p>\n<p><strong>14.45<\/strong> film sissejuhatusega <a href=\"https:\/\/vana.noff.ee\/film\/koigest-maailmalopp-juste-la-fin-du-monde\/\" target=\"_blank\" rel=\"noopener\">PUHAS MAA<\/a>, kestab 1 tund 32 min<br \/>\n<strong>17.15<\/strong> film sissejuhatusega <a href=\"https:\/\/vana.noff.ee\/film\/koigest-maailmalopp-juste-la-fin-du-monde\/\" target=\"_blank\" rel=\"noopener\">K\u00d5IGEST MAAILMAL\u00d5PP<\/a> 1 tund 37 min<br \/>\n<strong>20.00<\/strong> film sissejuhatusega <a href=\"https:\/\/vana.noff.ee\/film\/valge-ema-white-mama\/\" target=\"_blank\" rel=\"noopener\">VALGE EMA<\/a>, kestab 1 tund 37 min[\/vc_column_text][\/vc_column][\/vc_row][vc_row css_animation=&#8221;&#8221; row_type=&#8221;row&#8221; use_row_as_full_screen_section=&#8221;no&#8221; type=&#8221;grid&#8221; angled_section=&#8221;no&#8221; text_align=&#8221;left&#8221; background_image_as_pattern=&#8221;without_pattern&#8221; padding_top=&#8221;40&#8243; z_index=&#8221;&#8221;][vc_column width=&#8221;1\/2&#8243;][vc_column_text]<\/p>\n<h1>8. M\u00c4RTS P\u00c4EVAKAVA<\/h1>\n<p>[\/vc_column_text][vc_empty_space][vc_column_text]<strong>8.m\u00e4rts M\u00e4rjamaal<\/strong><\/p>\n<p><strong>13.00<\/strong> avatakse uksed<br \/>\n2. korruse galeriis foton\u00e4ituse avamine \u201cMaailmale n\u00e4htavamaks\u201d<br \/>\nKarmel J\u00f5esoo kaisukarude kollektsiooni esitlemine<br \/>\nKinosaalis on esitatud osake OSADUSEST<br \/>\n<strong>14.00<\/strong> film <a href=\"https:\/\/vana.noff.ee\/film\/uuele-ringile-bump-along-the-way\/\" target=\"_blank\" rel=\"noopener\">UUELE RINGILE<\/a> 1 tund 35 min[\/vc_column_text][vc_empty_space][\/vc_column][vc_column width=&#8221;1\/2&#8243;][vc_column_text]<\/p>\n<h1>INFO<\/h1>\n<p>[\/vc_column_text][vc_empty_space][vc_column_text]7. m\u00e4rtsil on Rapla Noortekeskuses lastehoid TASUTA kella 12.00- 17.00<br \/>\nFestivali ajal on skulptor Hille Palmi v\u00e4ikevormide n\u00e4itus Weinbergi saalis ja<br \/>\nkunstnikuga saab kohtuda 7. m\u00e4rtsi p\u00e4eval.<\/p>\n<p>Pileteid saab osta kohapeal nii Rapla Kultuurikeskuse, kui M\u00e4rjamaa Rahvamaja<br \/>\nkassast. Tasuda saab nii kaardiga, kui sularahas.<\/p>\n<p>7. m\u00e4rtsil linastuvatele filmidele saab pileteid osta ka<strong><a href=\"https:\/\/www.piletimaailm.com\/organizers\/949-rapla-kino\"> PILETIMAAILMAST<\/a><\/strong><br \/>\nFestivali ajal on avatud <a href=\"https:\/\/www.raplaresto.ee\/\" target=\"_blank\" rel=\"noopener\">A la Rapla kohvik-resto<\/a> ja M\u00e4rjamaa Rahvamaja kohvik.<\/p>\n<p>&nbsp;<\/p>\n<p><span style=\"color: #800080;\"><strong>Korraldaja v\u00f5ib vajadusel teha programmis muudatusi.\u00a0<\/strong><\/span>[\/vc_column_text][\/vc_column][\/vc_row][vc_row css_animation=&#8221;&#8221; row_type=&#8221;row&#8221; use_row_as_full_screen_section=&#8221;no&#8221; type=&#8221;grid&#8221; angled_section=&#8221;no&#8221; text_align=&#8221;left&#8221; background_image_as_pattern=&#8221;without_pattern&#8221; z_index=&#8221;&#8221;][vc_column][vc_empty_space][\/vc_column][\/vc_row]<\/p>\n","protected":false},"excerpt":{"rendered":"<p>[vc_row css_animation=&#8221;&#8221; row_type=&#8221;row&#8221; use_row_as_full_screen_section=&#8221;no&#8221; type=&#8221;grid&#8221; angled_section=&#8221;no&#8221; text_align=&#8221;left&#8221; background_image_as_pattern=&#8221;without_pattern&#8221; z_index=&#8221;&#8221;][vc_column][vc_empty_space][\/vc_column][\/vc_row][vc_row css_animation=&#8221;&#8221; row_type=&#8221;row&#8221; use_row_as_full_screen_section=&#8221;no&#8221; type=&#8221;grid&#8221; angled_section=&#8221;no&#8221; text_align=&#8221;left&#8221; background_image_as_pattern=&#8221;without_pattern&#8221; padding_top=&#8221;40&#8243; z_index=&#8221;&#8221;][vc_column width=&#8221;1\/2&#8243;][vc_column_text] 6. M\u00c4RTS P\u00c4EVAKAVA [\/vc_column_text][vc_empty_space][vc_column_text]6.m\u00e4rts Raplas 18.00 k\u00fclaliste vastuv\u00f5tt, tervitusjoogid pildistamine kinosaalis fotoseina ees 18.15- 18.45\u00a0teise korruse trepihallis elav n\u00e4itus OSADUS 19.00 kinosaalis etendus EMANTSIPATSIOON 19.45 film&#8230;<\/p>\n","protected":false},"author":2,"featured_media":0,"parent":0,"menu_order":0,"comment_status":"closed","ping_status":"closed","template":"full_width.php","meta":{"inline_featured_image":false,"footnotes":""},"class_list":["post-17916","page","type-page","status-publish","hentry"],"acf":[],"yoast_head":"<!-- This site is optimized with the Yoast SEO plugin v21.7 - https:\/\/yoast.com\/wordpress\/plugins\/seo\/ -->\n<title>N\u00e4itused 2023 - N&ouml;ff<\/title>\n<meta name=\"robots\" content=\"noindex, follow, max-snippet:-1, max-image-preview:large, max-video-preview:-1\" \/>\n<meta property=\"og:locale\" content=\"en_US\" \/>\n<meta property=\"og:type\" content=\"article\" \/>\n<meta property=\"og:title\" content=\"N\u00e4itused 2023 - N&ouml;ff\" \/>\n<meta property=\"og:description\" content=\"[vc_row css_animation=&#8221;&#8221; row_type=&#8221;row&#8221; use_row_as_full_screen_section=&#8221;no&#8221; type=&#8221;grid&#8221; angled_section=&#8221;no&#8221; text_align=&#8221;left&#8221; background_image_as_pattern=&#8221;without_pattern&#8221; z_index=&#8221;&#8221;][vc_column][vc_empty_space][\/vc_column][\/vc_row][vc_row css_animation=&#8221;&#8221; row_type=&#8221;row&#8221; use_row_as_full_screen_section=&#8221;no&#8221; type=&#8221;grid&#8221; angled_section=&#8221;no&#8221; text_align=&#8221;left&#8221; background_image_as_pattern=&#8221;without_pattern&#8221; padding_top=&#8221;40&#8243; z_index=&#8221;&#8221;][vc_column width=&#8221;1\/2&#8243;][vc_column_text] 6. M\u00c4RTS P\u00c4EVAKAVA [\/vc_column_text][vc_empty_space][vc_column_text]6.m\u00e4rts Raplas 18.00 k\u00fclaliste vastuv\u00f5tt, tervitusjoogid pildistamine kinosaalis fotoseina ees 18.15- 18.45\u00a0teise korruse trepihallis elav n\u00e4itus OSADUS 19.00 kinosaalis etendus EMANTSIPATSIOON 19.45 film...\" \/>\n<meta property=\"og:url\" content=\"https:\/\/vana.noff.ee\/naitused-2023\/\" \/>\n<meta property=\"og:site_name\" content=\"N&ouml;ff\" \/>\n<meta property=\"article:modified_time\" content=\"2025-02-19T12:35:29+00:00\" \/>\n<meta name=\"twitter:card\" content=\"summary_large_image\" \/>\n<meta name=\"twitter:label1\" content=\"Est. reading time\" \/>\n\t<meta name=\"twitter:data1\" content=\"2 minutes\" \/>\n<script type=\"application\/ld+json\" class=\"yoast-schema-graph\">{\"@context\":\"https:\/\/schema.org\",\"@graph\":[{\"@type\":\"WebPage\",\"@id\":\"https:\/\/vana.noff.ee\/naitused-2023\/\",\"url\":\"https:\/\/vana.noff.ee\/naitused-2023\/\",\"name\":\"N\u00e4itused 2023 - N&ouml;ff\",\"isPartOf\":{\"@id\":\"https:\/\/vana.noff.ee\/#website\"},\"datePublished\":\"2023-01-29T09:56:55+00:00\",\"dateModified\":\"2025-02-19T12:35:29+00:00\",\"inLanguage\":\"en-US\",\"potentialAction\":[{\"@type\":\"ReadAction\",\"target\":[\"https:\/\/vana.noff.ee\/naitused-2023\/\"]}]},{\"@type\":\"WebSite\",\"@id\":\"https:\/\/vana.noff.ee\/#website\",\"url\":\"https:\/\/vana.noff.ee\/\",\"name\":\"N&ouml;ff\",\"description\":\"Naiste &ouml;&ouml;de filmifestival Raplas\",\"potentialAction\":[{\"@type\":\"SearchAction\",\"target\":{\"@type\":\"EntryPoint\",\"urlTemplate\":\"https:\/\/vana.noff.ee\/?s={search_term_string}\"},\"query-input\":\"required name=search_term_string\"}],\"inLanguage\":\"en-US\"}]}<\/script>\n<!-- \/ Yoast SEO plugin. -->","yoast_head_json":{"title":"N\u00e4itused 2023 - N&ouml;ff","robots":{"index":"noindex","follow":"follow","max-snippet":"max-snippet:-1","max-image-preview":"max-image-preview:large","max-video-preview":"max-video-preview:-1"},"og_locale":"en_US","og_type":"article","og_title":"N\u00e4itused 2023 - N&ouml;ff","og_description":"[vc_row css_animation=&#8221;&#8221; row_type=&#8221;row&#8221; use_row_as_full_screen_section=&#8221;no&#8221; type=&#8221;grid&#8221; angled_section=&#8221;no&#8221; text_align=&#8221;left&#8221; background_image_as_pattern=&#8221;without_pattern&#8221; z_index=&#8221;&#8221;][vc_column][vc_empty_space][\/vc_column][\/vc_row][vc_row css_animation=&#8221;&#8221; row_type=&#8221;row&#8221; use_row_as_full_screen_section=&#8221;no&#8221; type=&#8221;grid&#8221; angled_section=&#8221;no&#8221; text_align=&#8221;left&#8221; background_image_as_pattern=&#8221;without_pattern&#8221; padding_top=&#8221;40&#8243; z_index=&#8221;&#8221;][vc_column width=&#8221;1\/2&#8243;][vc_column_text] 6. M\u00c4RTS P\u00c4EVAKAVA [\/vc_column_text][vc_empty_space][vc_column_text]6.m\u00e4rts Raplas 18.00 k\u00fclaliste vastuv\u00f5tt, tervitusjoogid pildistamine kinosaalis fotoseina ees 18.15- 18.45\u00a0teise korruse trepihallis elav n\u00e4itus OSADUS 19.00 kinosaalis etendus EMANTSIPATSIOON 19.45 film...","og_url":"https:\/\/vana.noff.ee\/naitused-2023\/","og_site_name":"N&ouml;ff","article_modified_time":"2025-02-19T12:35:29+00:00","twitter_card":"summary_large_image","twitter_misc":{"Est. reading time":"2 minutes"},"schema":{"@context":"https:\/\/schema.org","@graph":[{"@type":"WebPage","@id":"https:\/\/vana.noff.ee\/naitused-2023\/","url":"https:\/\/vana.noff.ee\/naitused-2023\/","name":"N\u00e4itused 2023 - N&ouml;ff","isPartOf":{"@id":"https:\/\/vana.noff.ee\/#website"},"datePublished":"2023-01-29T09:56:55+00:00","dateModified":"2025-02-19T12:35:29+00:00","inLanguage":"en-US","potentialAction":[{"@type":"ReadAction","target":["https:\/\/vana.noff.ee\/naitused-2023\/"]}]},{"@type":"WebSite","@id":"https:\/\/vana.noff.ee\/#website","url":"https:\/\/vana.noff.ee\/","name":"N&ouml;ff","description":"Naiste &ouml;&ouml;de filmifestival Raplas","potentialAction":[{"@type":"SearchAction","target":{"@type":"EntryPoint","urlTemplate":"https:\/\/vana.noff.ee\/?s={search_term_string}"},"query-input":"required name=search_term_string"}],"inLanguage":"en-US"}]}},"_links":{"self":[{"href":"https:\/\/vana.noff.ee\/en\/wp-json\/wp\/v2\/pages\/17916","targetHints":{"allow":["GET"]}}],"collection":[{"href":"https:\/\/vana.noff.ee\/en\/wp-json\/wp\/v2\/pages"}],"about":[{"href":"https:\/\/vana.noff.ee\/en\/wp-json\/wp\/v2\/types\/page"}],"author":[{"embeddable":true,"href":"https:\/\/vana.noff.ee\/en\/wp-json\/wp\/v2\/users\/2"}],"replies":[{"embeddable":true,"href":"https:\/\/vana.noff.ee\/en\/wp-json\/wp\/v2\/comments?post=17916"}],"version-history":[{"count":27,"href":"https:\/\/vana.noff.ee\/en\/wp-json\/wp\/v2\/pages\/17916\/revisions"}],"predecessor-version":[{"id":18236,"href":"https:\/\/vana.noff.ee\/en\/wp-json\/wp\/v2\/pages\/17916\/revisions\/18236"}],"wp:attachment":[{"href":"https:\/\/vana.noff.ee\/en\/wp-json\/wp\/v2\/media?parent=17916"}],"curies":[{"name":"wp","href":"https:\/\/api.w.org\/{rel}","templated":true}]}}