{"id":16604,"date":"2020-02-09T16:58:36","date_gmt":"2020-02-09T14:58:36","guid":{"rendered":"https:\/\/vana.noff.ee\/?page_id=16604"},"modified":"2025-02-19T14:35:30","modified_gmt":"2025-02-19T12:35:30","slug":"naitused","status":"publish","type":"page","link":"https:\/\/vana.noff.ee\/en\/naitused\/","title":{"rendered":"(Eesti) N\u00e4itused"},"content":{"rendered":"<p>[vc_row css_animation=&#8221;&#8221; row_type=&#8221;row&#8221; use_row_as_full_screen_section=&#8221;no&#8221; type=&#8221;grid&#8221; angled_section=&#8221;no&#8221; text_align=&#8221;left&#8221; background_image_as_pattern=&#8221;without_pattern&#8221; padding_top=&#8221;40&#8243; z_index=&#8221;&#8221;][vc_column width=&#8221;1\/2&#8243;][vc_column_text]<\/p>\n<h1>Elav n\u00e4itus OSADUS<\/h1>\n<p>[\/vc_column_text][vc_empty_space][vc_column_text]Elav n\u00e4itus OSADUS<\/p>\n<p>N\u00e4itus, mille keskmes on ainulaadsed ja erineval moel ilusad rinnad. Rinnad, kui mitte pelgalt naise kehaosad ja objektid vaid kui ehted ja relvad \u00fcheaegselt \u2013 v\u00e4ikesed ja suured, vanad ja noored, ilusad ja v\u00e4ga ilusad: millest kasvades oleme k\u00f5ik osa saanud nii nuttes, s\u00fc\u00fces kui lihtsalt kallistades. Iga n\u00e4iliselt elutu kipsivormi taga peidab end lugu modelli enesekindlusest, enesega rahulolust, enese teadvustamisest, vahel ka valust ja pettumusest ning l\u00f5puks siiski aktsepteerimisest. Endast hetkeks distantseerudes, koges naine end justkui uuena, vabana oma juurdunud m\u00f5ttemustritest. Me n\u00e4gime, kui vastastikku inspireeriv see oli. Kips kui materjal annab v\u00f5imaluse aimata v\u00e4list vormi, j\u00e4ttes alles saladuse. Kas naine tahab seda ka tegelikult avaldada, j\u00e4\u00e4b tema otsustada. Me, naised, oskame v\u00e4ga h\u00e4sti saladust hoida, kaitsta ja kui vaja, siis end sellega ka ehtida.[\/vc_column_text][vc_empty_space][vc_empty_space][\/vc_column][vc_column width=&#8221;1\/2&#8243;][vc_empty_space][vc_single_image image=&#8221;16516&#8243; img_size=&#8221;large&#8221; qode_css_animation=&#8221;&#8221;][\/vc_column][\/vc_row][vc_row css_animation=&#8221;&#8221; row_type=&#8221;row&#8221; use_row_as_full_screen_section=&#8221;no&#8221; type=&#8221;grid&#8221; angled_section=&#8221;no&#8221; text_align=&#8221;left&#8221; background_image_as_pattern=&#8221;without_pattern&#8221; padding_top=&#8221;40&#8243; z_index=&#8221;&#8221;][vc_column width=&#8221;1\/2&#8243;][vc_column_text]<\/p>\n<h1>Skulptor Hille Palm n\u00e4ituse tutvustus<\/h1>\n<p>[\/vc_column_text][vc_empty_space][vc_column_text]<a href=\"http:\/\/kujurid.ee\/ee\/page\/\" target=\"_blank\" rel=\"noopener\">Skulptor Hille Palm<\/a> n\u00e4ituse tutvustus<\/p>\n<p>Inimesed, kes armatavad ja usuvad muinasjutte, n\u00e4evad virvatuledes muistsete inimeste elu ja uskumisi. Motiiv on v\u00f5etud eesti rahva ennemuistsetest juttudest. Virvatuli on salap\u00e4rane tuluke, mis vilgub pimedatel m\u00e4rtsi\u00f6\u00f6del soodes ja rabades, meelitades teek\u00e4ijaid teeelt k\u00f5rvale astuma. Selleks, et n\u00e4ha neid \u00f6iseid tulukesi, peab fantaasiat olema. Minu fantaasias on need tulukesed kaunid naised, vahel ka mehed. Virvatuli meelitab ja kutsub, kes kutsele j\u00e4rele annab, see hukkub. Virvatulede teiseks motiiviks on uss. Vaid v\u00e4hesed armastavad neid ilusaid ja tarku roomajaid, aga just nemad on meie soode ja rabade kaunid emandad.[\/vc_column_text][vc_empty_space][vc_empty_space][\/vc_column][vc_column width=&#8221;1\/2&#8243;][vc_empty_space][vc_single_image image=&#8221;16515&#8243; img_size=&#8221;large&#8221; qode_css_animation=&#8221;&#8221;][\/vc_column][\/vc_row][vc_row css_animation=&#8221;&#8221; row_type=&#8221;row&#8221; use_row_as_full_screen_section=&#8221;no&#8221; type=&#8221;grid&#8221; angled_section=&#8221;no&#8221; text_align=&#8221;left&#8221; background_image_as_pattern=&#8221;without_pattern&#8221; padding_top=&#8221;40&#8243; z_index=&#8221;&#8221;][vc_column width=&#8221;1\/2&#8243;][vc_column_text]<\/p>\n<h1>MT\u00dc Enneaegsed lapsed foton\u00e4itus \u201cMaailmale n\u00e4htavamaks\u201d<\/h1>\n<p>[\/vc_column_text][vc_empty_space][vc_column_text]MT\u00dc Enneaegsed lapsed foton\u00e4itus \u201cMaailmale n\u00e4htavamaks\u201d<\/p>\n<p>N\u00e4ituse eesm\u00e4rgiks on juhtida t\u00e4helepanu enneaegsuse levimusele ja t\u00f5sta \u00fcldist teadlikkust \u00fchiskonnas enneaegsete laste ja nende arengu kohta ning pakkuda tuge v\u00e4rsketele enneaegsete laste vanematele. Sageli saavad vanemad liiga hilja teada enneaegsete laste vanemate jaoks loodud tugiv\u00f5rgustikust ja kogemusn\u00f5ustamisest, mille kaudu on v\u00f5imalik maandada kriisist tekkinud pingeid ja parandada toimetulekuoskusi. Selle n\u00e4itusega loodame j\u00f5uda rohkemate enneaegsete laste vanemateni.<\/p>\n<p>&nbsp;<\/p>\n<p>Fotoseeria teostasid MT\u00dc Enneaegsed Lapsed eestvedamisel projektimeeskond:<br \/>\nFotograaf: Marilin Leenurm<br \/>\nLaste juukseid s\u00e4ttis: Liina Oidekivi<br \/>\nTekst ja pildid fotodel ja videol: Hege Runnel<br \/>\nPiltide t\u00f6\u00f6tlus: Tiina Tammiste<br \/>\nVideo: Kuulid Muuvid- https:\/\/bit.ly\/EnneaegsedLapsed[\/vc_column_text][vc_empty_space][vc_empty_space][\/vc_column][vc_column width=&#8221;1\/2&#8243;][vc_empty_space][vc_empty_space][\/vc_column][\/vc_row][vc_row css_animation=&#8221;&#8221; row_type=&#8221;row&#8221; use_row_as_full_screen_section=&#8221;no&#8221; type=&#8221;grid&#8221; angled_section=&#8221;no&#8221; text_align=&#8221;left&#8221; background_image_as_pattern=&#8221;without_pattern&#8221; padding_top=&#8221;40&#8243; z_index=&#8221;&#8221;][vc_column width=&#8221;1\/2&#8243;][vc_column_text]<\/p>\n<h1>Kaisukarud Raikk\u00fcla m\u00f5isas<\/h1>\n<p>[\/vc_column_text][vc_empty_space][vc_column_text]Raikk\u00fcla m\u00f5is on \u00fcks k\u00f5ige paremini s\u00e4ilunud klassitsistlikke m\u00f5isa-ansambleid Eestis, mille 15 hoonest on t\u00e4naseni s\u00e4ilunud 14. M\u00f5isas on palju p\u00f5nevaid kogusid, mis on antud k\u00fclastajate k\u00e4sutusse, nagu antiik m\u00f6\u00f6bel ja raamatud, kuid seniajani on j\u00e4\u00e4nud suurema t\u00e4helepanuta kaisukarude kollektsioon. Selle p\u00f5neva ja mitmek\u00fclgse karukollektsiooni loomisega on tegelenud aastaid m\u00f5isa perenaine Karmel.<\/p>\n<p>Raikk\u00fcla m\u00f5isa kollektsioonis on \u00fcle 100 karu, kusjuures nii m\u00f5nedki neist on valmistanud Karmel ise, ajalooliseid l\u00f5ikeid ja materjale taaskasutades. Tulevikus on plaanis hakata korraldama kaisukarude valmistamise \u00f5pitubasid, luua m\u00f5mmidele ekspositsiooniruumid ning oma kaisukarude kauplus.[\/vc_column_text][vc_empty_space][vc_empty_space][\/vc_column][vc_column width=&#8221;1\/2&#8243;][vc_empty_space][vc_single_image image=&#8221;16684&#8243; img_size=&#8221;large&#8221; qode_css_animation=&#8221;&#8221;][\/vc_column][\/vc_row][vc_row css_animation=&#8221;&#8221; row_type=&#8221;row&#8221; use_row_as_full_screen_section=&#8221;no&#8221; type=&#8221;grid&#8221; angled_section=&#8221;no&#8221; text_align=&#8221;left&#8221; background_image_as_pattern=&#8221;without_pattern&#8221; padding_top=&#8221;40&#8243; z_index=&#8221;&#8221;][vc_column width=&#8221;1\/2&#8243;][vc_column_text]<\/p>\n<h1>\u00d5pilasfirma The Abyss Designs<\/h1>\n<p>[\/vc_column_text][vc_empty_space][vc_column_text]\u00d5pilasfirma The Abyss Designs loob disaine inimestele, kes soovivad erineda masskultuurist ja v\u00e4ljendada iseennast\u201d[\/vc_column_text][vc_empty_space][vc_empty_space][\/vc_column][vc_column width=&#8221;1\/2&#8243;][vc_empty_space][vc_single_image image=&#8221;16506&#8243; img_size=&#8221;large&#8221; alignment=&#8221;right&#8221; qode_css_animation=&#8221;&#8221;][\/vc_column][\/vc_row][vc_row css_animation=&#8221;&#8221; row_type=&#8221;row&#8221; use_row_as_full_screen_section=&#8221;no&#8221; type=&#8221;full_width&#8221; angled_section=&#8221;no&#8221; text_align=&#8221;left&#8221; background_image_as_pattern=&#8221;without_pattern&#8221;][vc_column][vc_empty_space][\/vc_column][\/vc_row]<\/p>\n","protected":false},"excerpt":{"rendered":"<p>[vc_row css_animation=&#8221;&#8221; row_type=&#8221;row&#8221; use_row_as_full_screen_section=&#8221;no&#8221; type=&#8221;grid&#8221; angled_section=&#8221;no&#8221; text_align=&#8221;left&#8221; background_image_as_pattern=&#8221;without_pattern&#8221; padding_top=&#8221;40&#8243; z_index=&#8221;&#8221;][vc_column width=&#8221;1\/2&#8243;][vc_column_text] Elav n\u00e4itus OSADUS [\/vc_column_text][vc_empty_space][vc_column_text]Elav n\u00e4itus OSADUS N\u00e4itus, mille keskmes on ainulaadsed ja erineval moel ilusad rinnad. Rinnad, kui mitte pelgalt naise kehaosad ja objektid vaid kui ehted ja relvad \u00fcheaegselt \u2013 v\u00e4ikesed ja suured,&#8230;<\/p>\n","protected":false},"author":2,"featured_media":0,"parent":0,"menu_order":0,"comment_status":"closed","ping_status":"closed","template":"full_width.php","meta":{"inline_featured_image":false,"footnotes":""},"class_list":["post-16604","page","type-page","status-publish","hentry"],"acf":[],"yoast_head":"<!-- This site is optimized with the Yoast SEO plugin v21.7 - https:\/\/yoast.com\/wordpress\/plugins\/seo\/ -->\n<title>(Eesti) N\u00e4itused - N&ouml;ff<\/title>\n<meta name=\"robots\" content=\"noindex, follow, max-snippet:-1, max-image-preview:large, max-video-preview:-1\" \/>\n<meta property=\"og:locale\" content=\"en_US\" \/>\n<meta property=\"og:type\" content=\"article\" \/>\n<meta property=\"og:title\" content=\"(Eesti) N\u00e4itused - N&ouml;ff\" \/>\n<meta property=\"og:description\" content=\"[vc_row css_animation=&#8221;&#8221; row_type=&#8221;row&#8221; use_row_as_full_screen_section=&#8221;no&#8221; type=&#8221;grid&#8221; angled_section=&#8221;no&#8221; text_align=&#8221;left&#8221; background_image_as_pattern=&#8221;without_pattern&#8221; padding_top=&#8221;40&#8243; z_index=&#8221;&#8221;][vc_column width=&#8221;1\/2&#8243;][vc_column_text] Elav n\u00e4itus OSADUS [\/vc_column_text][vc_empty_space][vc_column_text]Elav n\u00e4itus OSADUS N\u00e4itus, mille keskmes on ainulaadsed ja erineval moel ilusad rinnad. Rinnad, kui mitte pelgalt naise kehaosad ja objektid vaid kui ehted ja relvad \u00fcheaegselt \u2013 v\u00e4ikesed ja suured,...\" \/>\n<meta property=\"og:url\" content=\"https:\/\/vana.noff.ee\/naitused\/\" \/>\n<meta property=\"og:site_name\" content=\"N&ouml;ff\" \/>\n<meta property=\"article:modified_time\" content=\"2025-02-19T12:35:30+00:00\" \/>\n<meta name=\"twitter:card\" content=\"summary_large_image\" \/>\n<meta name=\"twitter:label1\" content=\"Est. reading time\" \/>\n\t<meta name=\"twitter:data1\" content=\"5 minutes\" \/>\n<script type=\"application\/ld+json\" class=\"yoast-schema-graph\">{\"@context\":\"https:\/\/schema.org\",\"@graph\":[{\"@type\":\"WebPage\",\"@id\":\"https:\/\/vana.noff.ee\/naitused\/\",\"url\":\"https:\/\/vana.noff.ee\/naitused\/\",\"name\":\"(Eesti) N\u00e4itused - N&ouml;ff\",\"isPartOf\":{\"@id\":\"https:\/\/vana.noff.ee\/#website\"},\"datePublished\":\"2020-02-09T14:58:36+00:00\",\"dateModified\":\"2025-02-19T12:35:30+00:00\",\"inLanguage\":\"en-US\",\"potentialAction\":[{\"@type\":\"ReadAction\",\"target\":[\"https:\/\/vana.noff.ee\/naitused\/\"]}]},{\"@type\":\"WebSite\",\"@id\":\"https:\/\/vana.noff.ee\/#website\",\"url\":\"https:\/\/vana.noff.ee\/\",\"name\":\"N&ouml;ff\",\"description\":\"Naiste &ouml;&ouml;de filmifestival Raplas\",\"potentialAction\":[{\"@type\":\"SearchAction\",\"target\":{\"@type\":\"EntryPoint\",\"urlTemplate\":\"https:\/\/vana.noff.ee\/?s={search_term_string}\"},\"query-input\":\"required name=search_term_string\"}],\"inLanguage\":\"en-US\"}]}<\/script>\n<!-- \/ Yoast SEO plugin. -->","yoast_head_json":{"title":"(Eesti) N\u00e4itused - N&ouml;ff","robots":{"index":"noindex","follow":"follow","max-snippet":"max-snippet:-1","max-image-preview":"max-image-preview:large","max-video-preview":"max-video-preview:-1"},"og_locale":"en_US","og_type":"article","og_title":"(Eesti) N\u00e4itused - N&ouml;ff","og_description":"[vc_row css_animation=&#8221;&#8221; row_type=&#8221;row&#8221; use_row_as_full_screen_section=&#8221;no&#8221; type=&#8221;grid&#8221; angled_section=&#8221;no&#8221; text_align=&#8221;left&#8221; background_image_as_pattern=&#8221;without_pattern&#8221; padding_top=&#8221;40&#8243; z_index=&#8221;&#8221;][vc_column width=&#8221;1\/2&#8243;][vc_column_text] Elav n\u00e4itus OSADUS [\/vc_column_text][vc_empty_space][vc_column_text]Elav n\u00e4itus OSADUS N\u00e4itus, mille keskmes on ainulaadsed ja erineval moel ilusad rinnad. Rinnad, kui mitte pelgalt naise kehaosad ja objektid vaid kui ehted ja relvad \u00fcheaegselt \u2013 v\u00e4ikesed ja suured,...","og_url":"https:\/\/vana.noff.ee\/naitused\/","og_site_name":"N&ouml;ff","article_modified_time":"2025-02-19T12:35:30+00:00","twitter_card":"summary_large_image","twitter_misc":{"Est. reading time":"5 minutes"},"schema":{"@context":"https:\/\/schema.org","@graph":[{"@type":"WebPage","@id":"https:\/\/vana.noff.ee\/naitused\/","url":"https:\/\/vana.noff.ee\/naitused\/","name":"(Eesti) N\u00e4itused - N&ouml;ff","isPartOf":{"@id":"https:\/\/vana.noff.ee\/#website"},"datePublished":"2020-02-09T14:58:36+00:00","dateModified":"2025-02-19T12:35:30+00:00","inLanguage":"en-US","potentialAction":[{"@type":"ReadAction","target":["https:\/\/vana.noff.ee\/naitused\/"]}]},{"@type":"WebSite","@id":"https:\/\/vana.noff.ee\/#website","url":"https:\/\/vana.noff.ee\/","name":"N&ouml;ff","description":"Naiste &ouml;&ouml;de filmifestival Raplas","potentialAction":[{"@type":"SearchAction","target":{"@type":"EntryPoint","urlTemplate":"https:\/\/vana.noff.ee\/?s={search_term_string}"},"query-input":"required name=search_term_string"}],"inLanguage":"en-US"}]}},"_links":{"self":[{"href":"https:\/\/vana.noff.ee\/en\/wp-json\/wp\/v2\/pages\/16604","targetHints":{"allow":["GET"]}}],"collection":[{"href":"https:\/\/vana.noff.ee\/en\/wp-json\/wp\/v2\/pages"}],"about":[{"href":"https:\/\/vana.noff.ee\/en\/wp-json\/wp\/v2\/types\/page"}],"author":[{"embeddable":true,"href":"https:\/\/vana.noff.ee\/en\/wp-json\/wp\/v2\/users\/2"}],"replies":[{"embeddable":true,"href":"https:\/\/vana.noff.ee\/en\/wp-json\/wp\/v2\/comments?post=16604"}],"version-history":[{"count":20,"href":"https:\/\/vana.noff.ee\/en\/wp-json\/wp\/v2\/pages\/16604\/revisions"}],"predecessor-version":[{"id":16721,"href":"https:\/\/vana.noff.ee\/en\/wp-json\/wp\/v2\/pages\/16604\/revisions\/16721"}],"wp:attachment":[{"href":"https:\/\/vana.noff.ee\/en\/wp-json\/wp\/v2\/media?parent=16604"}],"curies":[{"name":"wp","href":"https:\/\/api.w.org\/{rel}","templated":true}]}}