{"id":16566,"date":"2020-02-09T13:51:14","date_gmt":"2020-02-09T11:51:14","guid":{"rendered":"https:\/\/vana.noff.ee\/?page_id=16566"},"modified":"2025-02-19T14:35:30","modified_gmt":"2025-02-19T12:35:30","slug":"noffikas-2020","status":"publish","type":"page","link":"https:\/\/vana.noff.ee\/en\/noffikas-2020\/","title":{"rendered":"(Eesti) N\u00f6ffikas 2020"},"content":{"rendered":"<p>[vc_row css_animation=&#8221;&#8221; row_type=&#8221;row&#8221; use_row_as_full_screen_section=&#8221;no&#8221; type=&#8221;grid&#8221; angled_section=&#8221;no&#8221; text_align=&#8221;left&#8221; background_image_as_pattern=&#8221;without_pattern&#8221; background_color=&#8221;#ffffff&#8221; padding_top=&#8221;123&#8243; padding_bottom=&#8221;100&#8243; z_index=&#8221;&#8221;][vc_column width=&#8221;1\/2&#8243;][vc_column_text]<\/p>\n<h3 style=\"text-align: left;\">MIS ON N\u00d6FFIKAS?<\/h3>\n<p>[\/vc_column_text][vc_empty_space][vc_column_text]N\u00f6ffikas toimub <a href=\"https:\/\/www.raplaresto.ee\/\" target=\"_blank\" rel=\"noopener\">A la Rapla kohvik-resto<\/a> ruumides.<\/p>\n<p>Kui pimeda kinosaali filmielamus Sind keskmisest p\u00f5hjalikumalt l\u00e4bi raputas ja elevile ajas, siis leiad m\u00f5ttekaaslased N\u00f6ffikalt!<\/p>\n<p>Silmad kuivaks, huuled punaseks, kinganinad l\u00e4ikima. Kohtume tantsup\u00f5randal!<\/p>\n<p>Melomaanist helilooja <a href=\"https:\/\/open.spotify.com\/artist\/1T8je5SrjNbIJKZdxCs5VN?si=xyMBQngoSOyoCbkrOnp4oQ&amp;fbclid=IwAR19ae09EC7uQ9Xlj9asZmYtkCE5NSzT-G_ftJRuv1eS4GiQwwg63E8fO4Y\" target=\"_blank\" rel=\"noopener\">T\u00f5nu K\u00f5rvits<\/a>, teeb meile diskot ja m\u00e4ngib reede \u00f5htul, <strong>6. m\u00e4rtsil alates kella 22 st plaate.<\/strong> T\u00f5nu lubab kuulajaid kostitada parimate paladega m\u00f6\u00f6dunud sajandi 80-ndatest pealkirja all &#8220;Sweet dreams&#8221;.[\/vc_column_text][\/vc_column][vc_column width=&#8221;1\/2&#8243;][vc_single_image image=&#8221;16648&#8243; img_size=&#8221;full&#8221; alignment=&#8221;right&#8221; qode_css_animation=&#8221;element_from_fade&#8221; transition_delay=&#8221;0.3&#8243;][vc_empty_space][\/vc_column][\/vc_row]<\/p>\n","protected":false},"excerpt":{"rendered":"<p>[vc_row css_animation=&#8221;&#8221; row_type=&#8221;row&#8221; use_row_as_full_screen_section=&#8221;no&#8221; type=&#8221;grid&#8221; angled_section=&#8221;no&#8221; text_align=&#8221;left&#8221; background_image_as_pattern=&#8221;without_pattern&#8221; background_color=&#8221;#ffffff&#8221; padding_top=&#8221;123&#8243; padding_bottom=&#8221;100&#8243; z_index=&#8221;&#8221;][vc_column width=&#8221;1\/2&#8243;][vc_column_text] MIS ON N\u00d6FFIKAS? [\/vc_column_text][vc_empty_space][vc_column_text]N\u00f6ffikas toimub A la Rapla kohvik-resto ruumides. Kui pimeda kinosaali filmielamus Sind keskmisest p\u00f5hjalikumalt l\u00e4bi raputas ja elevile ajas, siis leiad m\u00f5ttekaaslased N\u00f6ffikalt! Silmad kuivaks, huuled punaseks, kinganinad l\u00e4ikima&#8230;.<\/p>\n","protected":false},"author":2,"featured_media":0,"parent":0,"menu_order":0,"comment_status":"closed","ping_status":"closed","template":"full_width.php","meta":{"inline_featured_image":false,"footnotes":""},"class_list":["post-16566","page","type-page","status-publish","hentry"],"acf":[],"yoast_head":"<!-- This site is optimized with the Yoast SEO plugin v21.7 - https:\/\/yoast.com\/wordpress\/plugins\/seo\/ -->\n<title>(Eesti) N\u00f6ffikas 2020 - N&ouml;ff<\/title>\n<meta name=\"robots\" content=\"noindex, follow, max-snippet:-1, max-image-preview:large, max-video-preview:-1\" \/>\n<meta property=\"og:locale\" content=\"en_US\" \/>\n<meta property=\"og:type\" content=\"article\" \/>\n<meta property=\"og:title\" content=\"(Eesti) N\u00f6ffikas 2020 - N&ouml;ff\" \/>\n<meta property=\"og:description\" content=\"[vc_row css_animation=&#8221;&#8221; row_type=&#8221;row&#8221; use_row_as_full_screen_section=&#8221;no&#8221; type=&#8221;grid&#8221; angled_section=&#8221;no&#8221; text_align=&#8221;left&#8221; background_image_as_pattern=&#8221;without_pattern&#8221; background_color=&#8221;#ffffff&#8221; padding_top=&#8221;123&#8243; padding_bottom=&#8221;100&#8243; z_index=&#8221;&#8221;][vc_column width=&#8221;1\/2&#8243;][vc_column_text] MIS ON N\u00d6FFIKAS? [\/vc_column_text][vc_empty_space][vc_column_text]N\u00f6ffikas toimub A la Rapla kohvik-resto ruumides. Kui pimeda kinosaali filmielamus Sind keskmisest p\u00f5hjalikumalt l\u00e4bi raputas ja elevile ajas, siis leiad m\u00f5ttekaaslased N\u00f6ffikalt! Silmad kuivaks, huuled punaseks, kinganinad l\u00e4ikima....\" \/>\n<meta property=\"og:url\" content=\"https:\/\/vana.noff.ee\/noffikas-2020\/\" \/>\n<meta property=\"og:site_name\" content=\"N&ouml;ff\" \/>\n<meta property=\"article:modified_time\" content=\"2025-02-19T12:35:30+00:00\" \/>\n<meta name=\"twitter:card\" content=\"summary_large_image\" \/>\n<meta name=\"twitter:label1\" content=\"Est. reading time\" \/>\n\t<meta name=\"twitter:data1\" content=\"1 minute\" \/>\n<script type=\"application\/ld+json\" class=\"yoast-schema-graph\">{\"@context\":\"https:\/\/schema.org\",\"@graph\":[{\"@type\":\"WebPage\",\"@id\":\"https:\/\/vana.noff.ee\/noffikas-2020\/\",\"url\":\"https:\/\/vana.noff.ee\/noffikas-2020\/\",\"name\":\"(Eesti) N\u00f6ffikas 2020 - N&ouml;ff\",\"isPartOf\":{\"@id\":\"https:\/\/vana.noff.ee\/#website\"},\"datePublished\":\"2020-02-09T11:51:14+00:00\",\"dateModified\":\"2025-02-19T12:35:30+00:00\",\"inLanguage\":\"en-US\",\"potentialAction\":[{\"@type\":\"ReadAction\",\"target\":[\"https:\/\/vana.noff.ee\/noffikas-2020\/\"]}]},{\"@type\":\"WebSite\",\"@id\":\"https:\/\/vana.noff.ee\/#website\",\"url\":\"https:\/\/vana.noff.ee\/\",\"name\":\"N&ouml;ff\",\"description\":\"Naiste &ouml;&ouml;de filmifestival Raplas\",\"potentialAction\":[{\"@type\":\"SearchAction\",\"target\":{\"@type\":\"EntryPoint\",\"urlTemplate\":\"https:\/\/vana.noff.ee\/?s={search_term_string}\"},\"query-input\":\"required name=search_term_string\"}],\"inLanguage\":\"en-US\"}]}<\/script>\n<!-- \/ Yoast SEO plugin. -->","yoast_head_json":{"title":"(Eesti) N\u00f6ffikas 2020 - N&ouml;ff","robots":{"index":"noindex","follow":"follow","max-snippet":"max-snippet:-1","max-image-preview":"max-image-preview:large","max-video-preview":"max-video-preview:-1"},"og_locale":"en_US","og_type":"article","og_title":"(Eesti) N\u00f6ffikas 2020 - N&ouml;ff","og_description":"[vc_row css_animation=&#8221;&#8221; row_type=&#8221;row&#8221; use_row_as_full_screen_section=&#8221;no&#8221; type=&#8221;grid&#8221; angled_section=&#8221;no&#8221; text_align=&#8221;left&#8221; background_image_as_pattern=&#8221;without_pattern&#8221; background_color=&#8221;#ffffff&#8221; padding_top=&#8221;123&#8243; padding_bottom=&#8221;100&#8243; z_index=&#8221;&#8221;][vc_column width=&#8221;1\/2&#8243;][vc_column_text] MIS ON N\u00d6FFIKAS? [\/vc_column_text][vc_empty_space][vc_column_text]N\u00f6ffikas toimub A la Rapla kohvik-resto ruumides. Kui pimeda kinosaali filmielamus Sind keskmisest p\u00f5hjalikumalt l\u00e4bi raputas ja elevile ajas, siis leiad m\u00f5ttekaaslased N\u00f6ffikalt! Silmad kuivaks, huuled punaseks, kinganinad l\u00e4ikima....","og_url":"https:\/\/vana.noff.ee\/noffikas-2020\/","og_site_name":"N&ouml;ff","article_modified_time":"2025-02-19T12:35:30+00:00","twitter_card":"summary_large_image","twitter_misc":{"Est. reading time":"1 minute"},"schema":{"@context":"https:\/\/schema.org","@graph":[{"@type":"WebPage","@id":"https:\/\/vana.noff.ee\/noffikas-2020\/","url":"https:\/\/vana.noff.ee\/noffikas-2020\/","name":"(Eesti) N\u00f6ffikas 2020 - N&ouml;ff","isPartOf":{"@id":"https:\/\/vana.noff.ee\/#website"},"datePublished":"2020-02-09T11:51:14+00:00","dateModified":"2025-02-19T12:35:30+00:00","inLanguage":"en-US","potentialAction":[{"@type":"ReadAction","target":["https:\/\/vana.noff.ee\/noffikas-2020\/"]}]},{"@type":"WebSite","@id":"https:\/\/vana.noff.ee\/#website","url":"https:\/\/vana.noff.ee\/","name":"N&ouml;ff","description":"Naiste &ouml;&ouml;de filmifestival Raplas","potentialAction":[{"@type":"SearchAction","target":{"@type":"EntryPoint","urlTemplate":"https:\/\/vana.noff.ee\/?s={search_term_string}"},"query-input":"required name=search_term_string"}],"inLanguage":"en-US"}]}},"_links":{"self":[{"href":"https:\/\/vana.noff.ee\/en\/wp-json\/wp\/v2\/pages\/16566","targetHints":{"allow":["GET"]}}],"collection":[{"href":"https:\/\/vana.noff.ee\/en\/wp-json\/wp\/v2\/pages"}],"about":[{"href":"https:\/\/vana.noff.ee\/en\/wp-json\/wp\/v2\/types\/page"}],"author":[{"embeddable":true,"href":"https:\/\/vana.noff.ee\/en\/wp-json\/wp\/v2\/users\/2"}],"replies":[{"embeddable":true,"href":"https:\/\/vana.noff.ee\/en\/wp-json\/wp\/v2\/comments?post=16566"}],"version-history":[{"count":5,"href":"https:\/\/vana.noff.ee\/en\/wp-json\/wp\/v2\/pages\/16566\/revisions"}],"predecessor-version":[{"id":16724,"href":"https:\/\/vana.noff.ee\/en\/wp-json\/wp\/v2\/pages\/16566\/revisions\/16724"}],"wp:attachment":[{"href":"https:\/\/vana.noff.ee\/en\/wp-json\/wp\/v2\/media?parent=16566"}],"curies":[{"name":"wp","href":"https:\/\/api.w.org\/{rel}","templated":true}]}}