{"id":15967,"date":"2019-02-06T10:51:45","date_gmt":"2019-02-06T08:51:45","guid":{"rendered":"https:\/\/vana.noff.ee\/?page_id=15967"},"modified":"2024-02-26T14:24:16","modified_gmt":"2024-02-26T12:24:16","slug":"poff","status":"publish","type":"page","link":"https:\/\/vana.noff.ee\/en\/poff\/","title":{"rendered":"P\u00d6FF"},"content":{"rendered":"<p>[vc_row css_animation=&#8221;&#8221; row_type=&#8221;row&#8221; use_row_as_full_screen_section=&#8221;no&#8221; type=&#8221;grid&#8221; angled_section=&#8221;no&#8221; text_align=&#8221;left&#8221; background_image_as_pattern=&#8221;without_pattern&#8221; z_index=&#8221;&#8221;][vc_column width=&#8221;1\/2&#8243;][vc_empty_space][vc_text_separator title=&#8221;Tiina Lokk&#8221; border=&#8221;no&#8221;][vc_empty_space][vc_single_image image=&#8221;17181&#8243; img_size=&#8221;large&#8221; qode_css_animation=&#8221;&#8221;][\/vc_column][vc_column width=&#8221;1\/2&#8243;][vc_empty_space][vc_empty_space][vc_empty_space][vc_column_text]The initiator and leader of the Rapla film festival is Katrin Klaebo. However, he did not achieve his goal alone. Klaebo contacted Tiina Loki, head of P\u00d6FF, who took hold of the fresh idea. However, the experienced film festival organizer lent his helping hand on the condition that the event would not remain a one-time event, but would become a tradition. With his guidance and multifaceted support, the Rapla Women&#8217;s Nights Film Festival has come to fruition and has survived until now.<\/p>\n<p>N\u00d6FF is a partner festival of the Dark Nights Film Festival and P\u00d6FF head Tiina Lokk is a patron of N\u00d6FF.<\/p>\n<p>The Dark Nights Film Festival, founded in 1997, is one of the largest film festivals in Northern Europe, being one of the 15 festivals in the world with an A-category competition program recognized by the International Federation of Film Producers Associations (FIAPF). The program of the festival includes over 200 feature-length and almost 300 short and animated films, which in recent years have gathered 80,000 visitors and brought more than 300 foreign film characters to Tallinn.[\/vc_column_text][\/vc_column][\/vc_row][vc_row css_animation=&#8221;&#8221; row_type=&#8221;row&#8221; use_row_as_full_screen_section=&#8221;no&#8221; type=&#8221;grid&#8221; angled_section=&#8221;no&#8221; text_align=&#8221;left&#8221; background_image_as_pattern=&#8221;without_pattern&#8221; padding_top=&#8221;100&#8243; padding_bottom=&#8221;50&#8243; z_index=&#8221;&#8221;][vc_column width=&#8221;2\/3&#8243;][\/vc_column][vc_column width=&#8221;1\/3&#8243;][vc_column_text]<a href=\"https:\/\/poff.ee\/\" target=\"_blank\" rel=\"noopener\">Pimedate \u00d6\u00f6de Filmifestival<\/a> (Dark Nights Film Festival).[\/vc_column_text][vc_empty_space][vc_single_image image=&#8221;17015&#8243; img_size=&#8221;full&#8221; qode_css_animation=&#8221;&#8221;][\/vc_column][\/vc_row]<\/p>\n","protected":false},"excerpt":{"rendered":"<p>[vc_row css_animation=&#8221;&#8221; row_type=&#8221;row&#8221; use_row_as_full_screen_section=&#8221;no&#8221; type=&#8221;grid&#8221; angled_section=&#8221;no&#8221; text_align=&#8221;left&#8221; background_image_as_pattern=&#8221;without_pattern&#8221; z_index=&#8221;&#8221;][vc_column width=&#8221;1\/2&#8243;][vc_empty_space][vc_text_separator title=&#8221;Tiina Lokk&#8221; border=&#8221;no&#8221;][vc_empty_space][vc_single_image image=&#8221;17181&#8243; img_size=&#8221;large&#8221; qode_css_animation=&#8221;&#8221;][\/vc_column][vc_column width=&#8221;1\/2&#8243;][vc_empty_space][vc_empty_space][vc_empty_space][vc_column_text]The initiator and leader of the Rapla film festival is Katrin Klaebo. However, he did not achieve his goal alone. Klaebo contacted Tiina Loki, head of P\u00d6FF, who took&#8230;<\/p>\n","protected":false},"author":2,"featured_media":0,"parent":0,"menu_order":0,"comment_status":"closed","ping_status":"closed","template":"full_width.php","meta":{"inline_featured_image":false,"footnotes":""},"class_list":["post-15967","page","type-page","status-publish","hentry"],"acf":[],"yoast_head":"<!-- This site is optimized with the Yoast SEO plugin v21.7 - https:\/\/yoast.com\/wordpress\/plugins\/seo\/ -->\n<title>P\u00d6FF - N&ouml;ff<\/title>\n<meta name=\"robots\" content=\"noindex, follow, max-snippet:-1, max-image-preview:large, max-video-preview:-1\" \/>\n<meta property=\"og:locale\" content=\"en_US\" \/>\n<meta property=\"og:type\" content=\"article\" \/>\n<meta property=\"og:title\" content=\"P\u00d6FF - N&ouml;ff\" \/>\n<meta property=\"og:description\" content=\"[vc_row css_animation=&#8221;&#8221; row_type=&#8221;row&#8221; use_row_as_full_screen_section=&#8221;no&#8221; type=&#8221;grid&#8221; angled_section=&#8221;no&#8221; text_align=&#8221;left&#8221; background_image_as_pattern=&#8221;without_pattern&#8221; z_index=&#8221;&#8221;][vc_column width=&#8221;1\/2&#8243;][vc_empty_space][vc_text_separator title=&#8221;Tiina Lokk&#8221; border=&#8221;no&#8221;][vc_empty_space][vc_single_image image=&#8221;17181&#8243; img_size=&#8221;large&#8221; qode_css_animation=&#8221;&#8221;][\/vc_column][vc_column width=&#8221;1\/2&#8243;][vc_empty_space][vc_empty_space][vc_empty_space][vc_column_text]The initiator and leader of the Rapla film festival is Katrin Klaebo. However, he did not achieve his goal alone. Klaebo contacted Tiina Loki, head of P\u00d6FF, who took...\" \/>\n<meta property=\"og:url\" content=\"https:\/\/vana.noff.ee\/poff\/\" \/>\n<meta property=\"og:site_name\" content=\"N&ouml;ff\" \/>\n<meta property=\"article:modified_time\" content=\"2024-02-26T12:24:16+00:00\" \/>\n<meta name=\"twitter:card\" content=\"summary_large_image\" \/>\n<meta name=\"twitter:label1\" content=\"Est. reading time\" \/>\n\t<meta name=\"twitter:data1\" content=\"2 minutes\" \/>\n<script type=\"application\/ld+json\" class=\"yoast-schema-graph\">{\"@context\":\"https:\/\/schema.org\",\"@graph\":[{\"@type\":\"WebPage\",\"@id\":\"https:\/\/vana.noff.ee\/poff\/\",\"url\":\"https:\/\/vana.noff.ee\/poff\/\",\"name\":\"P\u00d6FF - N&ouml;ff\",\"isPartOf\":{\"@id\":\"https:\/\/vana.noff.ee\/#website\"},\"datePublished\":\"2019-02-06T08:51:45+00:00\",\"dateModified\":\"2024-02-26T12:24:16+00:00\",\"inLanguage\":\"en-US\",\"potentialAction\":[{\"@type\":\"ReadAction\",\"target\":[\"https:\/\/vana.noff.ee\/poff\/\"]}]},{\"@type\":\"WebSite\",\"@id\":\"https:\/\/vana.noff.ee\/#website\",\"url\":\"https:\/\/vana.noff.ee\/\",\"name\":\"N&ouml;ff\",\"description\":\"Naiste &ouml;&ouml;de filmifestival Raplas\",\"potentialAction\":[{\"@type\":\"SearchAction\",\"target\":{\"@type\":\"EntryPoint\",\"urlTemplate\":\"https:\/\/vana.noff.ee\/?s={search_term_string}\"},\"query-input\":\"required name=search_term_string\"}],\"inLanguage\":\"en-US\"}]}<\/script>\n<!-- \/ Yoast SEO plugin. -->","yoast_head_json":{"title":"P\u00d6FF - N&ouml;ff","robots":{"index":"noindex","follow":"follow","max-snippet":"max-snippet:-1","max-image-preview":"max-image-preview:large","max-video-preview":"max-video-preview:-1"},"og_locale":"en_US","og_type":"article","og_title":"P\u00d6FF - N&ouml;ff","og_description":"[vc_row css_animation=&#8221;&#8221; row_type=&#8221;row&#8221; use_row_as_full_screen_section=&#8221;no&#8221; type=&#8221;grid&#8221; angled_section=&#8221;no&#8221; text_align=&#8221;left&#8221; background_image_as_pattern=&#8221;without_pattern&#8221; z_index=&#8221;&#8221;][vc_column width=&#8221;1\/2&#8243;][vc_empty_space][vc_text_separator title=&#8221;Tiina Lokk&#8221; border=&#8221;no&#8221;][vc_empty_space][vc_single_image image=&#8221;17181&#8243; img_size=&#8221;large&#8221; qode_css_animation=&#8221;&#8221;][\/vc_column][vc_column width=&#8221;1\/2&#8243;][vc_empty_space][vc_empty_space][vc_empty_space][vc_column_text]The initiator and leader of the Rapla film festival is Katrin Klaebo. However, he did not achieve his goal alone. Klaebo contacted Tiina Loki, head of P\u00d6FF, who took...","og_url":"https:\/\/vana.noff.ee\/poff\/","og_site_name":"N&ouml;ff","article_modified_time":"2024-02-26T12:24:16+00:00","twitter_card":"summary_large_image","twitter_misc":{"Est. reading time":"2 minutes"},"schema":{"@context":"https:\/\/schema.org","@graph":[{"@type":"WebPage","@id":"https:\/\/vana.noff.ee\/poff\/","url":"https:\/\/vana.noff.ee\/poff\/","name":"P\u00d6FF - N&ouml;ff","isPartOf":{"@id":"https:\/\/vana.noff.ee\/#website"},"datePublished":"2019-02-06T08:51:45+00:00","dateModified":"2024-02-26T12:24:16+00:00","inLanguage":"en-US","potentialAction":[{"@type":"ReadAction","target":["https:\/\/vana.noff.ee\/poff\/"]}]},{"@type":"WebSite","@id":"https:\/\/vana.noff.ee\/#website","url":"https:\/\/vana.noff.ee\/","name":"N&ouml;ff","description":"Naiste &ouml;&ouml;de filmifestival Raplas","potentialAction":[{"@type":"SearchAction","target":{"@type":"EntryPoint","urlTemplate":"https:\/\/vana.noff.ee\/?s={search_term_string}"},"query-input":"required name=search_term_string"}],"inLanguage":"en-US"}]}},"_links":{"self":[{"href":"https:\/\/vana.noff.ee\/en\/wp-json\/wp\/v2\/pages\/15967","targetHints":{"allow":["GET"]}}],"collection":[{"href":"https:\/\/vana.noff.ee\/en\/wp-json\/wp\/v2\/pages"}],"about":[{"href":"https:\/\/vana.noff.ee\/en\/wp-json\/wp\/v2\/types\/page"}],"author":[{"embeddable":true,"href":"https:\/\/vana.noff.ee\/en\/wp-json\/wp\/v2\/users\/2"}],"replies":[{"embeddable":true,"href":"https:\/\/vana.noff.ee\/en\/wp-json\/wp\/v2\/comments?post=15967"}],"version-history":[{"count":34,"href":"https:\/\/vana.noff.ee\/en\/wp-json\/wp\/v2\/pages\/15967\/revisions"}],"predecessor-version":[{"id":18424,"href":"https:\/\/vana.noff.ee\/en\/wp-json\/wp\/v2\/pages\/15967\/revisions\/18424"}],"wp:attachment":[{"href":"https:\/\/vana.noff.ee\/en\/wp-json\/wp\/v2\/media?parent=15967"}],"curies":[{"name":"wp","href":"https:\/\/api.w.org\/{rel}","templated":true}]}}