{"id":15492,"date":"2018-12-24T14:36:21","date_gmt":"2018-12-24T12:36:21","guid":{"rendered":"https:\/\/vana.noff.ee\/?page_id=15492"},"modified":"2024-04-03T11:33:51","modified_gmt":"2024-04-03T08:33:51","slug":"noffi-lugu","status":"publish","type":"page","link":"https:\/\/vana.noff.ee\/en\/noffi-lugu\/","title":{"rendered":"(Eesti) N\u00f6ffi lugu"},"content":{"rendered":"<p>[vc_row css_animation=&#8221;&#8221; row_type=&#8221;row&#8221; use_row_as_full_screen_section=&#8221;no&#8221; type=&#8221;grid&#8221; angled_section=&#8221;no&#8221; text_align=&#8221;left&#8221; background_image_as_pattern=&#8221;without_pattern&#8221; background_color=&#8221;#ffffff&#8221; padding_top=&#8221;123&#8243; padding_bottom=&#8221;33&#8243;][vc_column width=&#8221;1\/2&#8243;][vc_column_text]<\/p>\n<h3 style=\"text-align: left;\">N\u00f6ffi lugu<\/h3>\n<p>[\/vc_column_text][vc_separator type=&#8221;transparent&#8221; up=&#8221;29&#8243; down=&#8221;0&#8243;][vc_column_text]<strong>Naiste \u00d6\u00f6de Filmifestival Raplas on Filmifestival, mille fookuses on naine.<\/strong><\/p>\n<p><a href=\"http:\/\/naisedraplamaal.ee\/\" target=\"_blank\" rel=\"noopener\" data-saferedirecturl=\"https:\/\/www.google.com\/url?q=http:\/\/naisedraplamaal.ee\/&amp;source=gmail&amp;ust=1549903831382000&amp;usg=AFQjCNHoA371jcDdSOdkismRN0VB1MiS4Q\">Ettev\u00f5tlikud Naised Raplamaal<\/a>\u00a0\u00fchingu liikmed on korraldanud piduliku s\u00fcndmusena naistep\u00e4eva juba <strong>10 aastat,<\/strong> sel aastal aga t\u00e4iesti uues formaadis &#8211; <strong>Naiste \u00d6\u00f6de Filmifestivalina<\/strong>. Samuti on soov rahvusvahelist naistep\u00e4eva t\u00e4histada selle originaalses t\u00e4henduses, nii nagu see alguse sai 170 aastat tagasi, kus hakati r\u00e4\u00e4kima naistega seotud probleemidest. Paljud probleemid on ammu lahendatud, kuid ikka veel 21. sajandil, me r\u00e4\u00e4gime teatud teravatest probleemidest, nagu naistevastane v\u00e4givald, kultuuridevahelised konfliktid peresuhetes, laste ja noorte kannatused vanematevahelistes konfliktides, adopteerimisk\u00fcsimused jpm. Festivalil linastub esimesel aastal neli filmi.<\/p>\n<p>&nbsp;<\/p>\n<p>N\u00d6FF Raplas peab k\u00f5iki eelpoolnimetatud teravaid teemasid \u00fchiskonnas v\u00e4ga oluliseks ning kajastamist v\u00e4\u00e4rivaks, kuid ei taha keskenduda ainult probleemidele.<\/p>\n<p>Filmiprogrammile lisaks kutsume r\u00e4\u00e4kima valdkonnaga tihedalt kokku puutuvad inimesed, oma ala spetsialistid, kutsume kaasa m\u00f5tlema ja diskussiooni tekitama, \u00fchiskonnas positiivseid lahendusi looma. Kutsume naisi kinno koos oma partneriga!<\/p>\n<p>Paljudes riikides on naistele fokusseeritud filmifestivalid \u00fchendatud kunstiprojektidega, nii on ka meil festivali ruumides kohalike naisklaasikunstnike n\u00e4itus.<\/p>\n<p>&nbsp;<\/p>\n<p>Filmifestivali korraldustoimkonda kuuluvad \u00fchingu liikmed, kes panustavad oma aega ja parimaid teadmisi kultuurikalendrit rikastavaks s\u00fcndmuseks m\u00e4rtsikuises Raplas, lisades sellele natuke naiselikku s\u00e4ra ja glamuuri.[\/vc_column_text][vc_empty_space][\/vc_column][vc_column width=&#8221;1\/2&#8243;][vc_empty_space][vc_single_image image=&#8221;15667&#8243; img_size=&#8221;full&#8221; alignment=&#8221;right&#8221; qode_css_animation=&#8221;element_from_fade&#8221; transition_delay=&#8221;0.3&#8243;][vc_empty_space][\/vc_column][\/vc_row]<\/p>\n","protected":false},"excerpt":{"rendered":"<p>[vc_row css_animation=&#8221;&#8221; row_type=&#8221;row&#8221; use_row_as_full_screen_section=&#8221;no&#8221; type=&#8221;grid&#8221; angled_section=&#8221;no&#8221; text_align=&#8221;left&#8221; background_image_as_pattern=&#8221;without_pattern&#8221; background_color=&#8221;#ffffff&#8221; padding_top=&#8221;123&#8243; padding_bottom=&#8221;33&#8243;][vc_column width=&#8221;1\/2&#8243;][vc_column_text] N\u00f6ffi lugu [\/vc_column_text][vc_separator type=&#8221;transparent&#8221; up=&#8221;29&#8243; down=&#8221;0&#8243;][vc_column_text]Naiste \u00d6\u00f6de Filmifestival Raplas on Filmifestival, mille fookuses on naine. Ettev\u00f5tlikud Naised Raplamaal\u00a0\u00fchingu liikmed on korraldanud piduliku s\u00fcndmusena naistep\u00e4eva juba 10 aastat, sel aastal aga t\u00e4iesti uues formaadis&#8230;<\/p>\n","protected":false},"author":2,"featured_media":0,"parent":0,"menu_order":0,"comment_status":"closed","ping_status":"closed","template":"full_width.php","meta":{"inline_featured_image":false,"footnotes":""},"class_list":["post-15492","page","type-page","status-publish","hentry"],"acf":[],"yoast_head":"<!-- This site is optimized with the Yoast SEO plugin v21.7 - https:\/\/yoast.com\/wordpress\/plugins\/seo\/ -->\n<title>(Eesti) N\u00f6ffi lugu - N&ouml;ff<\/title>\n<meta name=\"description\" content=\"Naiste \u00d6\u00f6de Filmifestival Raplas on Filmifestival, mille fookuses on naine. ENR \u00fchingu liikmed on korraldanud piduliku s\u00fcndmusena naistep\u00e4eva juba 10 aastat\" \/>\n<meta name=\"robots\" content=\"noindex, follow, max-snippet:-1, max-image-preview:large, max-video-preview:-1\" \/>\n<meta property=\"og:locale\" content=\"en_US\" \/>\n<meta property=\"og:type\" content=\"article\" \/>\n<meta property=\"og:title\" content=\"(Eesti) N\u00f6ffi lugu - N&ouml;ff\" \/>\n<meta property=\"og:description\" content=\"Naiste \u00d6\u00f6de Filmifestival Raplas on Filmifestival, mille fookuses on naine. ENR \u00fchingu liikmed on korraldanud piduliku s\u00fcndmusena naistep\u00e4eva juba 10 aastat\" \/>\n<meta property=\"og:url\" content=\"https:\/\/vana.noff.ee\/noffi-lugu\/\" \/>\n<meta property=\"og:site_name\" content=\"N&ouml;ff\" \/>\n<meta property=\"article:modified_time\" content=\"2024-04-03T08:33:51+00:00\" \/>\n<meta name=\"twitter:card\" content=\"summary_large_image\" \/>\n<meta name=\"twitter:label1\" content=\"Est. reading time\" \/>\n\t<meta name=\"twitter:data1\" content=\"1 minute\" \/>\n<script type=\"application\/ld+json\" class=\"yoast-schema-graph\">{\"@context\":\"https:\/\/schema.org\",\"@graph\":[{\"@type\":\"WebPage\",\"@id\":\"https:\/\/vana.noff.ee\/noffi-lugu\/\",\"url\":\"https:\/\/vana.noff.ee\/noffi-lugu\/\",\"name\":\"(Eesti) N\u00f6ffi lugu - N&ouml;ff\",\"isPartOf\":{\"@id\":\"https:\/\/vana.noff.ee\/#website\"},\"datePublished\":\"2018-12-24T12:36:21+00:00\",\"dateModified\":\"2024-04-03T08:33:51+00:00\",\"description\":\"Naiste \u00d6\u00f6de Filmifestival Raplas on Filmifestival, mille fookuses on naine. ENR \u00fchingu liikmed on korraldanud piduliku s\u00fcndmusena naistep\u00e4eva juba 10 aastat\",\"inLanguage\":\"en-US\",\"potentialAction\":[{\"@type\":\"ReadAction\",\"target\":[\"https:\/\/vana.noff.ee\/noffi-lugu\/\"]}]},{\"@type\":\"WebSite\",\"@id\":\"https:\/\/vana.noff.ee\/#website\",\"url\":\"https:\/\/vana.noff.ee\/\",\"name\":\"N&ouml;ff\",\"description\":\"Naiste &ouml;&ouml;de filmifestival Raplas\",\"potentialAction\":[{\"@type\":\"SearchAction\",\"target\":{\"@type\":\"EntryPoint\",\"urlTemplate\":\"https:\/\/vana.noff.ee\/?s={search_term_string}\"},\"query-input\":\"required name=search_term_string\"}],\"inLanguage\":\"en-US\"}]}<\/script>\n<!-- \/ Yoast SEO plugin. -->","yoast_head_json":{"title":"(Eesti) N\u00f6ffi lugu - N&ouml;ff","description":"Naiste \u00d6\u00f6de Filmifestival Raplas on Filmifestival, mille fookuses on naine. ENR \u00fchingu liikmed on korraldanud piduliku s\u00fcndmusena naistep\u00e4eva juba 10 aastat","robots":{"index":"noindex","follow":"follow","max-snippet":"max-snippet:-1","max-image-preview":"max-image-preview:large","max-video-preview":"max-video-preview:-1"},"og_locale":"en_US","og_type":"article","og_title":"(Eesti) N\u00f6ffi lugu - N&ouml;ff","og_description":"Naiste \u00d6\u00f6de Filmifestival Raplas on Filmifestival, mille fookuses on naine. ENR \u00fchingu liikmed on korraldanud piduliku s\u00fcndmusena naistep\u00e4eva juba 10 aastat","og_url":"https:\/\/vana.noff.ee\/noffi-lugu\/","og_site_name":"N&ouml;ff","article_modified_time":"2024-04-03T08:33:51+00:00","twitter_card":"summary_large_image","twitter_misc":{"Est. reading time":"1 minute"},"schema":{"@context":"https:\/\/schema.org","@graph":[{"@type":"WebPage","@id":"https:\/\/vana.noff.ee\/noffi-lugu\/","url":"https:\/\/vana.noff.ee\/noffi-lugu\/","name":"(Eesti) N\u00f6ffi lugu - N&ouml;ff","isPartOf":{"@id":"https:\/\/vana.noff.ee\/#website"},"datePublished":"2018-12-24T12:36:21+00:00","dateModified":"2024-04-03T08:33:51+00:00","description":"Naiste \u00d6\u00f6de Filmifestival Raplas on Filmifestival, mille fookuses on naine. ENR \u00fchingu liikmed on korraldanud piduliku s\u00fcndmusena naistep\u00e4eva juba 10 aastat","inLanguage":"en-US","potentialAction":[{"@type":"ReadAction","target":["https:\/\/vana.noff.ee\/noffi-lugu\/"]}]},{"@type":"WebSite","@id":"https:\/\/vana.noff.ee\/#website","url":"https:\/\/vana.noff.ee\/","name":"N&ouml;ff","description":"Naiste &ouml;&ouml;de filmifestival Raplas","potentialAction":[{"@type":"SearchAction","target":{"@type":"EntryPoint","urlTemplate":"https:\/\/vana.noff.ee\/?s={search_term_string}"},"query-input":"required name=search_term_string"}],"inLanguage":"en-US"}]}},"_links":{"self":[{"href":"https:\/\/vana.noff.ee\/en\/wp-json\/wp\/v2\/pages\/15492","targetHints":{"allow":["GET"]}}],"collection":[{"href":"https:\/\/vana.noff.ee\/en\/wp-json\/wp\/v2\/pages"}],"about":[{"href":"https:\/\/vana.noff.ee\/en\/wp-json\/wp\/v2\/types\/page"}],"author":[{"embeddable":true,"href":"https:\/\/vana.noff.ee\/en\/wp-json\/wp\/v2\/users\/2"}],"replies":[{"embeddable":true,"href":"https:\/\/vana.noff.ee\/en\/wp-json\/wp\/v2\/comments?post=15492"}],"version-history":[{"count":75,"href":"https:\/\/vana.noff.ee\/en\/wp-json\/wp\/v2\/pages\/15492\/revisions"}],"predecessor-version":[{"id":18548,"href":"https:\/\/vana.noff.ee\/en\/wp-json\/wp\/v2\/pages\/15492\/revisions\/18548"}],"wp:attachment":[{"href":"https:\/\/vana.noff.ee\/en\/wp-json\/wp\/v2\/media?parent=15492"}],"curies":[{"name":"wp","href":"https:\/\/api.w.org\/{rel}","templated":true}]}}